{"id":268,"date":"2023-10-26T18:27:59","date_gmt":"2023-10-26T16:27:59","guid":{"rendered":"https:\/\/www.coaching-riehm.de\/?page_id=268"},"modified":"2023-10-26T18:37:01","modified_gmt":"2023-10-26T16:37:01","slug":"businesscoachings-fuer-paare","status":"publish","type":"page","link":"https:\/\/www.coaching-riehm.de\/index.php\/businesscoachings-fuer-paare\/","title":{"rendered":"Businesscoachings f\u00fcr Paare"},"content":{"rendered":"\n<p>Als Paar zusammen zu arbeiten kann sehr erf\u00fcllend sein, aber es kann auch eine Herausforderung sein. In der Zusammenarbeit als Paar k\u00f6nnen Berufsleben und Privatleben miteinander verschwimmen, und ungel\u00f6ste Probleme oder Konflikte tauchen im jeweils &#8222;anderen&#8220; Leben auf.<\/p>\n\n\n\n<div class=\"wp-container-1 wp-block-buttons\">\n<div class=\"wp-block-button\"><a class=\"wp-block-button__link has-pale-pink-background-color has-background\" href=\"https:\/\/appt.link\/philipp-riehm\/30-minute-meeting\">Sucht Euch hier einen Termin f\u00fcr ein kostenloses Vorgespr\u00e4ch aus<\/a><\/div>\n<\/div>\n\n\n\n<h2>F\u00fcr wen eignet sich ein Paarcoaching?<\/h2>\n\n\n\n<p>Paarcoachings eignen sich f\u00fcr Unternehmer- und Unternehmerinnenpaare, die noch effizienter ihre Energie b\u00fcndeln wollen. M\u00f6glicherweise gibt es immer wiederkehrende Konflikte oder Missverst\u00e4ndnisse, die verhindern das volle Potenzial auszusch\u00f6pfen. Oder eine bessere Kommunikation oder Arbeitsteilung hilft, die gemeinsamen Ressourcen optimal zu nutzen. Business-Paare haben die seltene Chance, auch ihre emotionale Verbundenheit in gesch\u00e4ftlichen Erfolg zu channeln, ohne dass ihre Paarbeziehung darunter leiden muss.<\/p>\n\n\n\n<p>Paarchoachings k\u00f6nnen auch sinnvoll f\u00fcr Zweierspitzen von Unternehmen sein. Denn auch hier werden viel Zeit und Emotionen in die Gesch\u00e4ftsf\u00fchrung investiert, selbst wenn die F\u00fchrung nicht in einem Paarverh\u00e4ltnis lebt. Auch in diesen Konstellationen k\u00f6nnen die Grenzen zwischen Berufs- und Privatleben verschwimmen. Das kann entweder bremsend wirken oder eine besondere Ressource f\u00fcr den Unternehmenserfolg darstellen.<\/p>\n\n\n\n<h2>Wie funktioniert ein Business-Paarcoaching?<\/h2>\n\n\n\n<p>Der wesentliche Unterschied zu einem klassischen Businesscoaching liegt darin, dass wir in einer Dreierkonstellation miteinander arbeiten. Dies erm\u00f6glicht die Anwendung anderer Coachingmethoden als im Einzelcoaching. Beispielsweise k\u00f6nnen die Sichtweisen der zweiten Seite direkt eingeholt und mit bearbeitet werden. Dies kann den Coachingprozess deutlich beschleunigen. Neue Ans\u00e4tze, die wir im Coaching gefunden haben, k\u00f6nnt Ihr direkt miteinander operationalisieren und verabreden.<\/p>\n\n\n\n<p>Ansonsten gibt es viele \u00c4hnlichkeiten zum Vorgehen im Einzelcoaching. Besonders hervorzuheben ist die klare Zielorientierung. Wir finden gemeinsam heraus, was f\u00fcr Euch der angestrebte Idealzustand ist, und arbeiten auf diesen zu.<\/p>\n\n\n\n<p>Das Business-Paarcoaching kann sowohl in meiner Praxis in Hamburg Eimsb\u00fcttel stattfinden als auch im <a href=\"https:\/\/www.coaching-riehm.de\/index.php\/fuehrungskraeftecoaching-online\/\">Online-Coaching<\/a>. Ich verf\u00fcge bereits seit 2016 \u00fcber Erfahrung in der Onlinearbeit mit F\u00fchrungskr\u00e4ften.<\/p>\n\n\n\n<figure class=\"wp-block-image size-large is-style-rounded\"><img loading=\"lazy\" width=\"1024\" height=\"768\" src=\"https:\/\/www.coaching-riehm.de\/wp-content\/uploads\/IMG_8970-1024x768.jpg\" alt=\"\" class=\"wp-image-273\" srcset=\"https:\/\/www.coaching-riehm.de\/wp-content\/uploads\/IMG_8970-1024x768.jpg 1024w, https:\/\/www.coaching-riehm.de\/wp-content\/uploads\/IMG_8970-300x225.jpg 300w, https:\/\/www.coaching-riehm.de\/wp-content\/uploads\/IMG_8970-768x576.jpg 768w, https:\/\/www.coaching-riehm.de\/wp-content\/uploads\/IMG_8970-1536x1152.jpg 1536w, https:\/\/www.coaching-riehm.de\/wp-content\/uploads\/IMG_8970-2048x1536.jpg 2048w\" sizes=\"(max-width: 767px) 89vw, (max-width: 1000px) 54vw, (max-width: 1071px) 543px, 580px\" \/><figcaption>Paarcoaching vor Ort: Dreiersetting<\/figcaption><\/figure>\n\n\n\n<h2>Wie l\u00e4uft ein Paarcoaching ab?<\/h2>\n\n\n\n<p>Im Paarcoaching arbeite ich gerne mit 90-Minuten-Terminen. Dieser l\u00e4ngere Zeitslot erlaubt Euch beiden ausf\u00fchrlich zu Wort zu kommen, ohne Hetze. Am Anfang des Coachingprozesses steht die Zielkl\u00e4rung. Auf diese Kl\u00e4rung lege ich besonders gro\u00dfen Wert. Denn wenn wir hier unsauber arbeiten, verfehlen wir Euer Ziel. Nach der Zielkl\u00e4rung schauen wir, was Euch auf Eurem Weg zum Ziel im Wege steht. Hier geht es mir vor allem darum, welchen individuellen Beitrag jede und jeder von Euch zur Zielerreichung leisten kann. Jede und jeder von Euch hat individuelle Ressourcen, die wir effizient einbinden k\u00f6nnen. M\u00f6glicherweise identifizieren wir aber auch st\u00f6rende Verhaltensmuster, die Eurem Ziel im Wege stehen. Mit meiner Coachingmethode k\u00f6nnen wir solche Muster unterbrechen und neue, bessere einbauen. Gegen Ende einer Session bekommt Ihr kompakte Aufgaben mit, die Ihr im Alltag bearbeitet um Euch Eurem Ziel zu n\u00e4hern.<\/p>\n\n\n\n<h2>Warum solltet Ihr Euch f\u00fcr ein Paarchoaching bei mir entscheiden?<\/h2>\n\n\n\n<p>Ich arbeite erfolgreich mit Business-Paaren, seit ich 2009 meine Coachingpraxis er\u00f6ffnet habe. Jedoch kamen in meiner Ausbildung zum Businesscoach private Kliententhemen und Emotionen etwas kurz. Um meinen Businesspaaren eine vollst\u00e4ndige Betreuung anbieten zu k\u00f6nnen, habe ich zus\u00e4tzlich zur Coachingausbildung eine Ausbildung zum <a href=\"https:\/\/paarberatung-paartherapie.net\/paartherapie-in-hamburg\/\" target=\"_blank\" rel=\"noreferrer noopener\">Paartherapeut<\/a> absolviert. Dadurch kann ich gezielter auf Paardynamiken und m\u00f6gliche emotionale Einflussfaktoren eingehen. Neben dem Paarcoaching biete ich auch Paartherapie f\u00fcr Paare an, deren Herausforderungen eher in der privaten Beziehungsgestaltung liegen. Einen fachlichen Schwerpunkt lege ich dabei auf die <a href=\"https:\/\/paarberatung-paartherapie.net\/\">Online Paartherapie<\/a>.<\/p>\n\n\n\n<h2>Wie finden wir f\u00fcr ein Paarcoaching zueinander?<\/h2>\n\n\n\n<div class=\"wp-container-2 wp-block-buttons\">\n<div class=\"wp-block-button is-style-fill\"><a class=\"wp-block-button__link has-pale-pink-background-color has-background\" href=\"https:\/\/appt.link\/philipp-riehm\/30-minute-meeting\" target=\"_blank\" rel=\"noreferrer noopener\">Sucht Euch hier einen Termin f\u00fcr ein kostenloses Vorgespr\u00e4ch aus<\/a><\/div>\n<\/div>\n\n\n\n<p><\/p>\n","protected":false},"excerpt":{"rendered":"<p>Als Paar zusammen zu arbeiten kann sehr erf\u00fcllend sein, aber es kann auch eine Herausforderung sein. In der Zusammenarbeit als Paar k\u00f6nnen Berufsleben und Privatleben miteinander verschwimmen, und ungel\u00f6ste Probleme oder Konflikte tauchen im jeweils &#8222;anderen&#8220; Leben auf. F\u00fcr wen eignet sich ein Paarcoaching? Paarcoachings eignen sich f\u00fcr Unternehmer- und Unternehmerinnenpaare, die noch effizienter ihre &hellip; <\/p>\n<p class=\"link-more\"><a href=\"https:\/\/www.coaching-riehm.de\/index.php\/businesscoachings-fuer-paare\/\" class=\"more-link\"><span class=\"screen-reader-text\">\u201eBusinesscoachings f\u00fcr Paare\u201c<\/span> weiterlesen<\/a><\/p>\n","protected":false},"author":1,"featured_media":0,"parent":0,"menu_order":0,"comment_status":"closed","ping_status":"closed","template":"","meta":[],"yoast_head":"<!-- This site is optimized with the Yoast SEO plugin v18.6 - https:\/\/yoast.com\/wordpress\/plugins\/seo\/ -->\n<title>Businesscoachings f\u00fcr Paare - Coaching in Hamburg und online | Termine bequem online buchen<\/title>\n<meta name=\"description\" content=\"Spezielle Coachingformate f\u00fcr Businesspaare. In Dreiermeetings heben wir das volle Potenzial Eurer beruflichen und privaten Beziehung.\" \/>\n<meta name=\"robots\" content=\"index, follow, max-snippet:-1, max-image-preview:large, max-video-preview:-1\" \/>\n<link rel=\"canonical\" href=\"https:\/\/www.coaching-riehm.de\/index.php\/businesscoachings-fuer-paare\/\" \/>\n<meta property=\"og:locale\" content=\"de_DE\" \/>\n<meta property=\"og:type\" content=\"article\" \/>\n<meta property=\"og:title\" content=\"Businesscoachings f\u00fcr Paare - Coaching in Hamburg und online | Termine bequem online buchen\" \/>\n<meta property=\"og:description\" content=\"Spezielle Coachingformate f\u00fcr Businesspaare. In Dreiermeetings heben wir das volle Potenzial Eurer beruflichen und privaten Beziehung.\" \/>\n<meta property=\"og:url\" content=\"https:\/\/www.coaching-riehm.de\/index.php\/businesscoachings-fuer-paare\/\" \/>\n<meta property=\"og:site_name\" content=\"Coaching in Hamburg und online | Termine bequem online buchen\" \/>\n<meta property=\"article:modified_time\" content=\"2023-10-26T16:37:01+00:00\" \/>\n<meta property=\"og:image\" content=\"https:\/\/www.coaching-riehm.de\/wp-content\/uploads\/IMG_8970-1024x768.jpg\" \/>\n<meta name=\"twitter:card\" content=\"summary_large_image\" \/>\n<meta name=\"twitter:label1\" content=\"Gesch\u00e4tzte Lesezeit\" \/>\n\t<meta name=\"twitter:data1\" content=\"4\u00a0Minuten\" \/>\n<script type=\"application\/ld+json\" class=\"yoast-schema-graph\">{\"@context\":\"https:\/\/schema.org\",\"@graph\":[{\"@type\":[\"Person\",\"Organization\"],\"@id\":\"https:\/\/www.coaching-riehm.de\/#\/schema\/person\/8ac955657f6f283a683f6c859f94e449\",\"name\":\"Philipp\",\"image\":{\"@type\":\"ImageObject\",\"@id\":\"https:\/\/www.coaching-riehm.de\/#personlogo\",\"inLanguage\":\"de\",\"url\":\"https:\/\/secure.gravatar.com\/avatar\/b0ef67ef4e6ea887b542e0e19c31e5ff?s=96&d=mm&r=g\",\"contentUrl\":\"https:\/\/secure.gravatar.com\/avatar\/b0ef67ef4e6ea887b542e0e19c31e5ff?s=96&d=mm&r=g\",\"caption\":\"Philipp\"},\"logo\":{\"@id\":\"https:\/\/www.coaching-riehm.de\/#personlogo\"}},{\"@type\":\"WebSite\",\"@id\":\"https:\/\/www.coaching-riehm.de\/#website\",\"url\":\"https:\/\/www.coaching-riehm.de\/\",\"name\":\"Coaching in Hamburg\",\"description\":\"Prof. Dr. Philipp Riehm\",\"publisher\":{\"@id\":\"https:\/\/www.coaching-riehm.de\/#\/schema\/person\/8ac955657f6f283a683f6c859f94e449\"},\"potentialAction\":[{\"@type\":\"SearchAction\",\"target\":{\"@type\":\"EntryPoint\",\"urlTemplate\":\"https:\/\/www.coaching-riehm.de\/?s={search_term_string}\"},\"query-input\":\"required name=search_term_string\"}],\"inLanguage\":\"de\"},{\"@type\":\"ImageObject\",\"@id\":\"https:\/\/www.coaching-riehm.de\/index.php\/businesscoachings-fuer-paare\/#primaryimage\",\"inLanguage\":\"de\",\"url\":\"https:\/\/www.coaching-riehm.de\/wp-content\/uploads\/IMG_8970-scaled.jpg\",\"contentUrl\":\"https:\/\/www.coaching-riehm.de\/wp-content\/uploads\/IMG_8970-scaled.jpg\",\"width\":2560,\"height\":1920},{\"@type\":\"WebPage\",\"@id\":\"https:\/\/www.coaching-riehm.de\/index.php\/businesscoachings-fuer-paare\/#webpage\",\"url\":\"https:\/\/www.coaching-riehm.de\/index.php\/businesscoachings-fuer-paare\/\",\"name\":\"Businesscoachings f\u00fcr Paare - Coaching in Hamburg und online | Termine bequem online buchen\",\"isPartOf\":{\"@id\":\"https:\/\/www.coaching-riehm.de\/#website\"},\"primaryImageOfPage\":{\"@id\":\"https:\/\/www.coaching-riehm.de\/index.php\/businesscoachings-fuer-paare\/#primaryimage\"},\"datePublished\":\"2023-10-26T16:27:59+00:00\",\"dateModified\":\"2023-10-26T16:37:01+00:00\",\"description\":\"Spezielle Coachingformate f\u00fcr Businesspaare. In Dreiermeetings heben wir das volle Potenzial Eurer beruflichen und privaten Beziehung.\",\"breadcrumb\":{\"@id\":\"https:\/\/www.coaching-riehm.de\/index.php\/businesscoachings-fuer-paare\/#breadcrumb\"},\"inLanguage\":\"de\",\"potentialAction\":[{\"@type\":\"ReadAction\",\"target\":[\"https:\/\/www.coaching-riehm.de\/index.php\/businesscoachings-fuer-paare\/\"]}]},{\"@type\":\"BreadcrumbList\",\"@id\":\"https:\/\/www.coaching-riehm.de\/index.php\/businesscoachings-fuer-paare\/#breadcrumb\",\"itemListElement\":[{\"@type\":\"ListItem\",\"position\":1,\"name\":\"Startseite\",\"item\":\"https:\/\/www.coaching-riehm.de\/\"},{\"@type\":\"ListItem\",\"position\":2,\"name\":\"Businesscoachings f\u00fcr Paare\"}]}]}<\/script>\n<!-- \/ Yoast SEO plugin. -->","yoast_head_json":{"title":"Businesscoachings f\u00fcr Paare - Coaching in Hamburg und online | Termine bequem online buchen","description":"Spezielle Coachingformate f\u00fcr Businesspaare. In Dreiermeetings heben wir das volle Potenzial Eurer beruflichen und privaten Beziehung.","robots":{"index":"index","follow":"follow","max-snippet":"max-snippet:-1","max-image-preview":"max-image-preview:large","max-video-preview":"max-video-preview:-1"},"canonical":"https:\/\/www.coaching-riehm.de\/index.php\/businesscoachings-fuer-paare\/","og_locale":"de_DE","og_type":"article","og_title":"Businesscoachings f\u00fcr Paare - Coaching in Hamburg und online | Termine bequem online buchen","og_description":"Spezielle Coachingformate f\u00fcr Businesspaare. In Dreiermeetings heben wir das volle Potenzial Eurer beruflichen und privaten Beziehung.","og_url":"https:\/\/www.coaching-riehm.de\/index.php\/businesscoachings-fuer-paare\/","og_site_name":"Coaching in Hamburg und online | Termine bequem online buchen","article_modified_time":"2023-10-26T16:37:01+00:00","og_image":[{"url":"https:\/\/www.coaching-riehm.de\/wp-content\/uploads\/IMG_8970-1024x768.jpg"}],"twitter_card":"summary_large_image","twitter_misc":{"Gesch\u00e4tzte Lesezeit":"4\u00a0Minuten"},"schema":{"@context":"https:\/\/schema.org","@graph":[{"@type":["Person","Organization"],"@id":"https:\/\/www.coaching-riehm.de\/#\/schema\/person\/8ac955657f6f283a683f6c859f94e449","name":"Philipp","image":{"@type":"ImageObject","@id":"https:\/\/www.coaching-riehm.de\/#personlogo","inLanguage":"de","url":"https:\/\/secure.gravatar.com\/avatar\/b0ef67ef4e6ea887b542e0e19c31e5ff?s=96&d=mm&r=g","contentUrl":"https:\/\/secure.gravatar.com\/avatar\/b0ef67ef4e6ea887b542e0e19c31e5ff?s=96&d=mm&r=g","caption":"Philipp"},"logo":{"@id":"https:\/\/www.coaching-riehm.de\/#personlogo"}},{"@type":"WebSite","@id":"https:\/\/www.coaching-riehm.de\/#website","url":"https:\/\/www.coaching-riehm.de\/","name":"Coaching in Hamburg","description":"Prof. Dr. Philipp Riehm","publisher":{"@id":"https:\/\/www.coaching-riehm.de\/#\/schema\/person\/8ac955657f6f283a683f6c859f94e449"},"potentialAction":[{"@type":"SearchAction","target":{"@type":"EntryPoint","urlTemplate":"https:\/\/www.coaching-riehm.de\/?s={search_term_string}"},"query-input":"required name=search_term_string"}],"inLanguage":"de"},{"@type":"ImageObject","@id":"https:\/\/www.coaching-riehm.de\/index.php\/businesscoachings-fuer-paare\/#primaryimage","inLanguage":"de","url":"https:\/\/www.coaching-riehm.de\/wp-content\/uploads\/IMG_8970-scaled.jpg","contentUrl":"https:\/\/www.coaching-riehm.de\/wp-content\/uploads\/IMG_8970-scaled.jpg","width":2560,"height":1920},{"@type":"WebPage","@id":"https:\/\/www.coaching-riehm.de\/index.php\/businesscoachings-fuer-paare\/#webpage","url":"https:\/\/www.coaching-riehm.de\/index.php\/businesscoachings-fuer-paare\/","name":"Businesscoachings f\u00fcr Paare - Coaching in Hamburg und online | Termine bequem online buchen","isPartOf":{"@id":"https:\/\/www.coaching-riehm.de\/#website"},"primaryImageOfPage":{"@id":"https:\/\/www.coaching-riehm.de\/index.php\/businesscoachings-fuer-paare\/#primaryimage"},"datePublished":"2023-10-26T16:27:59+00:00","dateModified":"2023-10-26T16:37:01+00:00","description":"Spezielle Coachingformate f\u00fcr Businesspaare. In Dreiermeetings heben wir das volle Potenzial Eurer beruflichen und privaten Beziehung.","breadcrumb":{"@id":"https:\/\/www.coaching-riehm.de\/index.php\/businesscoachings-fuer-paare\/#breadcrumb"},"inLanguage":"de","potentialAction":[{"@type":"ReadAction","target":["https:\/\/www.coaching-riehm.de\/index.php\/businesscoachings-fuer-paare\/"]}]},{"@type":"BreadcrumbList","@id":"https:\/\/www.coaching-riehm.de\/index.php\/businesscoachings-fuer-paare\/#breadcrumb","itemListElement":[{"@type":"ListItem","position":1,"name":"Startseite","item":"https:\/\/www.coaching-riehm.de\/"},{"@type":"ListItem","position":2,"name":"Businesscoachings f\u00fcr Paare"}]}]}},"_links":{"self":[{"href":"https:\/\/www.coaching-riehm.de\/index.php\/wp-json\/wp\/v2\/pages\/268"}],"collection":[{"href":"https:\/\/www.coaching-riehm.de\/index.php\/wp-json\/wp\/v2\/pages"}],"about":[{"href":"https:\/\/www.coaching-riehm.de\/index.php\/wp-json\/wp\/v2\/types\/page"}],"author":[{"embeddable":true,"href":"https:\/\/www.coaching-riehm.de\/index.php\/wp-json\/wp\/v2\/users\/1"}],"replies":[{"embeddable":true,"href":"https:\/\/www.coaching-riehm.de\/index.php\/wp-json\/wp\/v2\/comments?post=268"}],"version-history":[{"count":3,"href":"https:\/\/www.coaching-riehm.de\/index.php\/wp-json\/wp\/v2\/pages\/268\/revisions"}],"predecessor-version":[{"id":274,"href":"https:\/\/www.coaching-riehm.de\/index.php\/wp-json\/wp\/v2\/pages\/268\/revisions\/274"}],"wp:attachment":[{"href":"https:\/\/www.coaching-riehm.de\/index.php\/wp-json\/wp\/v2\/media?parent=268"}],"curies":[{"name":"wp","href":"https:\/\/api.w.org\/{rel}","templated":true}]}}