{"id":259,"date":"2023-07-25T18:43:11","date_gmt":"2023-07-25T16:43:11","guid":{"rendered":"https:\/\/www.coaching-riehm.de\/?page_id=259"},"modified":"2023-11-11T16:54:42","modified_gmt":"2023-11-11T15:54:42","slug":"fuehrungskraeftecoaching-online","status":"publish","type":"page","link":"https:\/\/www.coaching-riehm.de\/index.php\/fuehrungskraeftecoaching-online\/","title":{"rendered":"F\u00fchrungskr\u00e4ftecoaching online"},"content":{"rendered":"\n<figure class=\"wp-block-image size-large\"><img loading=\"lazy\" width=\"1024\" height=\"576\" src=\"https:\/\/www.coaching-riehm.de\/wp-content\/uploads\/Bildschirmfoto-2023-07-25-um-18.25.40-1024x576.png\" alt=\"\" class=\"wp-image-262\" srcset=\"https:\/\/www.coaching-riehm.de\/wp-content\/uploads\/Bildschirmfoto-2023-07-25-um-18.25.40-1024x576.png 1024w, https:\/\/www.coaching-riehm.de\/wp-content\/uploads\/Bildschirmfoto-2023-07-25-um-18.25.40-300x169.png 300w, https:\/\/www.coaching-riehm.de\/wp-content\/uploads\/Bildschirmfoto-2023-07-25-um-18.25.40-768x432.png 768w, https:\/\/www.coaching-riehm.de\/wp-content\/uploads\/Bildschirmfoto-2023-07-25-um-18.25.40-1536x864.png 1536w, https:\/\/www.coaching-riehm.de\/wp-content\/uploads\/Bildschirmfoto-2023-07-25-um-18.25.40-2048x1152.png 2048w\" sizes=\"(max-width: 767px) 89vw, (max-width: 1000px) 54vw, (max-width: 1071px) 543px, 580px\" \/><figcaption>Online-F\u00fchrungskr\u00e4ftecoaching <\/figcaption><\/figure>\n\n\n\n<h2>Was ist ein Online-F\u00fchrungskr\u00e4ftecoaching?<\/h2>\n\n\n\n<p>Ein Online-F\u00fchrungskr\u00e4ftecoaching ist ein besonderes Coachingformat, das online stattfindet. In der Regel werden daf\u00fcr Videokonferenztools verwendet wie beispielsweise Zoom, Teams, FaceTime, WhatsApp Video oder das EU-Datenschutzkonforme Whereby. Videokonferenzen bieten den Vorteil, dass wir einen sehr schnellen Informationsaustausch haben, und gleichzeitig Stimmungen und sprachliche Nuancen transportieren k\u00f6nnen. Das ist auch der gro\u00dfe Vorteil gegen\u00fcber E-Mail-Coachings, die auf beiden Seiten eine aufw\u00e4ndige Verschriftlichung ben\u00f6tigen. <\/p>\n\n\n\n<h2>Wie funktioniert ein F\u00fchrungskr\u00e4ftecoaching online?<\/h2>\n\n\n\n<p>Ein F\u00fchrungskr\u00e4ftecoaching online funktioniert im Wesentlichen genau so wie ein Coaching in Pr\u00e4senz. Wir verabreden uns f\u00fcr einen Tag und eine Uhrzeit, und anstatt uns an einem physischen Ort zu treffen sehen wir uns \u00fcber ein Videokonferenztool deiner Wahl. Ich bin bereits seit 2009 als Coach f\u00fcr F\u00fchrungskr\u00e4fte t\u00e4tig bin und seit 2016 konnte ich viele Erfahrungen mit Online-Beratungsverfahren sammeln. Im Laufe der Zeit habe ich alle meine Coachingtechniken f\u00fcr den virtuellen Raum angepasst, so dass wir auch hier innerhalb kurzer Zeit zu besten Ergebnissen kommen k\u00f6nnen. F\u00fcr Menschen mit wenig Zeit und einer schnellen Auffassungsgabe biete ich spezielle 30-Minuten-Coaching an, die perfekt noch in die Mittagszeit passen. F\u00fcr alle anderen gibt es wie im Pr\u00e4senzcoaching 60-Minuten-Coachings, in denen wir etwas gelassener und tiefer deine Themen bearbeiten k\u00f6nnen. <\/p>\n\n\n\n<h2>Wie l\u00e4uft ein Online-F\u00fchrungskr\u00e4ftecoaching ab?<\/h2>\n\n\n\n<p>Du startest mit deiner Situationsbeschreibung, also welche Themen dich gerade besch\u00e4ftigen, und wir pr\u00e4zisieren, welches Thema im heutigen Coaching Priorit\u00e4t hat und von uns bearbeitet werden soll. Ich stelle dir dann ein Set von Coachingfragen, das dir dabei hilft dein Thema zu strukturieren und m\u00f6gliche L\u00f6sungen zu identifizieren, an die du vorher noch nicht gedacht hast. Dann lenke ich das Gespr\u00e4ch auf die konkrete Umsetzung deiner L\u00f6sungsideen, damit du diese direkt nach dem Coaching in deinem Arbeitsalltag austesten kannst. Am Ende der Coachingsitzung vereinbaren wir einen Folgetermin, in dem wir \u00fcberpr\u00fcfen ob deine L\u00f6sungen funktioniert haben, und in dem wir uns bei Bedarf weiteren Themen zuwenden.<\/p>\n\n\n\n<h2>F\u00fcr wen eignet sich ein F\u00fchrungskr\u00e4ftecoaching online?<\/h2>\n\n\n\n<p>Ein F\u00fchrungskr\u00e4ftecoaching online durchzuf\u00fchren ist immer dann angezeigt, wenn<\/p>\n\n\n\n<ul><li>du so stark im Job eingespannt bist, dass du jede Minute An- und Abfahrt einsparen musst, oder<\/li><li>bei dir vor Ort keine qualifizierten F\u00fchrungscoaches zu finden sind, oder<\/li><li>du im Ausland als Expat arbeitest und du trotzdem ein deutschsprachiges Coaching m\u00f6chtest, oder<\/li><li>du ohnehin so viel Erfahrung mit Videokonferenzen hast, dass es f\u00fcr dich keinen Unterschied macht und es einfach bequem f\u00fcr dich ist.<\/li><\/ul>\n\n\n\n<div class=\"wp-container-1 wp-block-buttons\">\n<div class=\"wp-block-button aligncenter\"><a class=\"wp-block-button__link has-pale-pink-background-color has-background\" href=\"https:\/\/appt.link\/philipp-riehm\/30-minute-meeting\" target=\"_blank\" rel=\"noreferrer noopener\">Buche dir jetzt online ein kostenloses Vorgespr\u00e4ch<\/a><\/div>\n<\/div>\n\n\n\n<h2>Welche technischen Voraussetzungen ben\u00f6tige ich f\u00fcr ein Online-F\u00fchrungskr\u00e4ftecoaching?<\/h2>\n\n\n\n<p>Du ben\u00f6tigst f\u00fcr ein Online-F\u00fchrungskr\u00e4ftecoaching eine stabile Internetverbindung und ein Endger\u00e4t mit Audio- und Videofunktion. Das ist es schon. Ich habe in der Vergangenheit viele Coachings mit Menschen gemacht, die sich vom Autobahnparkplatz zugeschaltet haben, weil es ihr Terminkalender nicht anders zugelassen hat. Solange du es schaffst, dich in deiner Umgebung auf unser Gespr\u00e4ch zu fokussieren, steht einem Onlinecoaching von jedem Ort der Welt nichts im Wege.<\/p>\n\n\n\n<h2>Wie lange dauert eine Sitzung Onlinecoaching?<\/h2>\n\n\n\n<p>Ich arbeite am liebsten mit 30-min\u00fctigen und 60-min\u00fctigen Zeitslots im Onlinecoaching. Die halbst\u00fcndigen Coachings bieten sich vor allem an, wenn du im Arbeitsalltag ohnehin schon massiv unter Strom stehst, du dein Anliegen pr\u00e4zise auf den Punkt bringen kannst und du die F\u00e4higkeit hast, dich in dieser halben Stunde zu fokussieren. Klassische Berufsbilder, mit denen ich in halbst\u00fcndigen Sitzungen gro\u00dfe Fortschritte machen kann, sind Unternehmensberater, Wirtschaftspr\u00fcfer, \u00c4rzte und Juristen. Selbstverst\u00e4ndlich sind auch alle anderen Berufe willkommen, wenn du unter den genannten Voraussetzungen arbeiten kannst. Ich als Coach verf\u00fcge \u00fcber eine extreme Auffassungsgabe und kann selbst komplexe Sachverhalte sehr schnell aufnehmen.<\/p>\n\n\n\n<p>Einst\u00fcndige Online-F\u00fchrungscoachings bieten sich an, wenn du dir die Zeit nehmen kannst und willst, w\u00e4hrend des Coachings zu reflektieren und einen Gedanken von mehreren Seiten zu betrachten. Im 60-Minuten-Coaching kann ich als Coach auch Fragen stellen, die ich f\u00fcr mich gerne als Depot-Fragen bezeichne. Dies sind Fragen, die oft noch ein oder zwei Tage sp\u00e4ter nachhallen und erstaunliche neue Erkenntnisse bei dir zutage f\u00f6rdern k\u00f6nnen. Sie wirken auf den ersten Blick einfach und schnell beantwortbar, und erst mit etwas Zeitversatz kommt eine tiefere Erkenntnis.<\/p>\n\n\n\n<h2>Was kostet ein Online-Coaching f\u00fcr F\u00fchrungskr\u00e4fte?<\/h2>\n\n\n\n<p>\u00dcber Kosten spreche ich am liebsten pers\u00f6nlich. Ich kann aber schon einmal verraten, dass ich zwei verschiedene Modelle habe. Ein Modell ist f\u00fcr Menschen, die das Coaching privat zahlen, sowie f\u00fcr Startup-Gr\u00fcnder und -Gr\u00fcnderinnen. Das andere Preismodell ist f\u00fcr Firmenkunden, deren finanzieller Gewinn durch gut gecoachte F\u00fchrungskr\u00e4fte um ein Vielfaches h\u00f6her ausf\u00e4llt als f\u00fcr Privatpersonen. Hier erlaube ich mir h\u00f6here Preise. Ein kleiner Tipp: viele Arbeitgeber \u00fcbernehmen die Kosten f\u00fcr ein Coaching, wenn du danach fragst. Ich unterst\u00fctze dich gerne dabei, indem ich dir ein Angebot f\u00fcr deinen Arbeitgeber aufsetze.<\/p>\n\n\n\n<h2>Wie kann ich ein F\u00fchrungskr\u00e4ftecoaching online buchen?<\/h2>\n\n\n\n<p>Das ist ganz einfach: gehe auf <a href=\"https:\/\/appt.link\/philipp-riehm\/30-minute-meeting\" target=\"_blank\" rel=\"noreferrer noopener\">meine Terminbuchungsseite bei Appointlet<\/a>, und suche dir einen f\u00fcr dich passenden Termin f\u00fcr ein kostenloses Vorgespr\u00e4ch. Und den Rest kl\u00e4ren wir im pers\u00f6nlichen Gespr\u00e4ch. Ich freue mich dich kennenzulernen!<\/p>\n\n\n\n<div class=\"wp-container-2 wp-block-buttons\"><\/div>\n\n\n\n<div class=\"wp-container-3 wp-block-buttons\">\n<div class=\"wp-block-button aligncenter\"><a class=\"wp-block-button__link has-pale-pink-background-color has-background\" href=\"https:\/\/appt.link\/philipp-riehm\/30-minute-meeting\">Buche dir jetzt online ein kostenloses Vorgespr\u00e4ch<\/a><\/div>\n<\/div>\n\n\n\n<figure class=\"wp-block-image size-large\"><img loading=\"lazy\" width=\"1024\" height=\"576\" src=\"https:\/\/www.coaching-riehm.de\/wp-content\/uploads\/Bildschirmfoto-2023-07-25-um-18.23.40-1-1024x576.png\" alt=\"\" class=\"wp-image-263\" srcset=\"https:\/\/www.coaching-riehm.de\/wp-content\/uploads\/Bildschirmfoto-2023-07-25-um-18.23.40-1-1024x576.png 1024w, https:\/\/www.coaching-riehm.de\/wp-content\/uploads\/Bildschirmfoto-2023-07-25-um-18.23.40-1-300x169.png 300w, https:\/\/www.coaching-riehm.de\/wp-content\/uploads\/Bildschirmfoto-2023-07-25-um-18.23.40-1-768x432.png 768w, https:\/\/www.coaching-riehm.de\/wp-content\/uploads\/Bildschirmfoto-2023-07-25-um-18.23.40-1-1536x864.png 1536w, https:\/\/www.coaching-riehm.de\/wp-content\/uploads\/Bildschirmfoto-2023-07-25-um-18.23.40-1-2048x1152.png 2048w\" sizes=\"(max-width: 767px) 89vw, (max-width: 1000px) 54vw, (max-width: 1071px) 543px, 580px\" \/><figcaption>F\u00fchrungskr\u00e4fte-Coaching online<\/figcaption><\/figure>\n","protected":false},"excerpt":{"rendered":"<p>Was ist ein Online-F\u00fchrungskr\u00e4ftecoaching? Ein Online-F\u00fchrungskr\u00e4ftecoaching ist ein besonderes Coachingformat, das online stattfindet. In der Regel werden daf\u00fcr Videokonferenztools verwendet wie beispielsweise Zoom, Teams, FaceTime, WhatsApp Video oder das EU-Datenschutzkonforme Whereby. Videokonferenzen bieten den Vorteil, dass wir einen sehr schnellen Informationsaustausch haben, und gleichzeitig Stimmungen und sprachliche Nuancen transportieren k\u00f6nnen. Das ist auch der gro\u00dfe &hellip; <\/p>\n<p class=\"link-more\"><a href=\"https:\/\/www.coaching-riehm.de\/index.php\/fuehrungskraeftecoaching-online\/\" class=\"more-link\"><span class=\"screen-reader-text\">\u201eF\u00fchrungskr\u00e4ftecoaching online\u201c<\/span> weiterlesen<\/a><\/p>\n","protected":false},"author":1,"featured_media":0,"parent":0,"menu_order":0,"comment_status":"closed","ping_status":"closed","template":"","meta":[],"yoast_head":"<!-- This site is optimized with the Yoast SEO plugin v18.6 - https:\/\/yoast.com\/wordpress\/plugins\/seo\/ -->\n<title>F\u00fchrungskr\u00e4ftecoaching online - Coaching in Hamburg und online | Termine bequem online buchen<\/title>\n<meta name=\"robots\" content=\"index, follow, max-snippet:-1, max-image-preview:large, max-video-preview:-1\" \/>\n<link rel=\"canonical\" href=\"https:\/\/www.coaching-riehm.de\/index.php\/fuehrungskraeftecoaching-online\/\" \/>\n<meta property=\"og:locale\" content=\"de_DE\" \/>\n<meta property=\"og:type\" content=\"article\" \/>\n<meta property=\"og:title\" content=\"F\u00fchrungskr\u00e4ftecoaching online - Coaching in Hamburg und online | Termine bequem online buchen\" \/>\n<meta property=\"og:description\" content=\"Was ist ein Online-F\u00fchrungskr\u00e4ftecoaching? Ein Online-F\u00fchrungskr\u00e4ftecoaching ist ein besonderes Coachingformat, das online stattfindet. In der Regel werden daf\u00fcr Videokonferenztools verwendet wie beispielsweise Zoom, Teams, FaceTime, WhatsApp Video oder das EU-Datenschutzkonforme Whereby. Videokonferenzen bieten den Vorteil, dass wir einen sehr schnellen Informationsaustausch haben, und gleichzeitig Stimmungen und sprachliche Nuancen transportieren k\u00f6nnen. Das ist auch der gro\u00dfe &hellip; \u201eF\u00fchrungskr\u00e4ftecoaching online\u201c weiterlesen\" \/>\n<meta property=\"og:url\" content=\"https:\/\/www.coaching-riehm.de\/index.php\/fuehrungskraeftecoaching-online\/\" \/>\n<meta property=\"og:site_name\" content=\"Coaching in Hamburg und online | Termine bequem online buchen\" \/>\n<meta property=\"article:modified_time\" content=\"2023-11-11T15:54:42+00:00\" \/>\n<meta property=\"og:image\" content=\"https:\/\/www.coaching-riehm.de\/wp-content\/uploads\/Bildschirmfoto-2023-07-25-um-18.25.40-1024x576.png\" \/>\n<meta name=\"twitter:card\" content=\"summary_large_image\" \/>\n<meta name=\"twitter:label1\" content=\"Gesch\u00e4tzte Lesezeit\" \/>\n\t<meta name=\"twitter:data1\" content=\"5\u00a0Minuten\" \/>\n<script type=\"application\/ld+json\" class=\"yoast-schema-graph\">{\"@context\":\"https:\/\/schema.org\",\"@graph\":[{\"@type\":[\"Person\",\"Organization\"],\"@id\":\"https:\/\/www.coaching-riehm.de\/#\/schema\/person\/8ac955657f6f283a683f6c859f94e449\",\"name\":\"Philipp\",\"image\":{\"@type\":\"ImageObject\",\"@id\":\"https:\/\/www.coaching-riehm.de\/#personlogo\",\"inLanguage\":\"de\",\"url\":\"https:\/\/secure.gravatar.com\/avatar\/b0ef67ef4e6ea887b542e0e19c31e5ff?s=96&d=mm&r=g\",\"contentUrl\":\"https:\/\/secure.gravatar.com\/avatar\/b0ef67ef4e6ea887b542e0e19c31e5ff?s=96&d=mm&r=g\",\"caption\":\"Philipp\"},\"logo\":{\"@id\":\"https:\/\/www.coaching-riehm.de\/#personlogo\"}},{\"@type\":\"WebSite\",\"@id\":\"https:\/\/www.coaching-riehm.de\/#website\",\"url\":\"https:\/\/www.coaching-riehm.de\/\",\"name\":\"Coaching in Hamburg\",\"description\":\"Prof. Dr. Philipp Riehm\",\"publisher\":{\"@id\":\"https:\/\/www.coaching-riehm.de\/#\/schema\/person\/8ac955657f6f283a683f6c859f94e449\"},\"potentialAction\":[{\"@type\":\"SearchAction\",\"target\":{\"@type\":\"EntryPoint\",\"urlTemplate\":\"https:\/\/www.coaching-riehm.de\/?s={search_term_string}\"},\"query-input\":\"required name=search_term_string\"}],\"inLanguage\":\"de\"},{\"@type\":\"ImageObject\",\"@id\":\"https:\/\/www.coaching-riehm.de\/index.php\/fuehrungskraeftecoaching-online\/#primaryimage\",\"inLanguage\":\"de\",\"url\":\"https:\/\/www.coaching-riehm.de\/wp-content\/uploads\/Bildschirmfoto-2023-07-25-um-18.25.40.png\",\"contentUrl\":\"https:\/\/www.coaching-riehm.de\/wp-content\/uploads\/Bildschirmfoto-2023-07-25-um-18.25.40.png\",\"width\":2556,\"height\":1438},{\"@type\":\"WebPage\",\"@id\":\"https:\/\/www.coaching-riehm.de\/index.php\/fuehrungskraeftecoaching-online\/#webpage\",\"url\":\"https:\/\/www.coaching-riehm.de\/index.php\/fuehrungskraeftecoaching-online\/\",\"name\":\"F\u00fchrungskr\u00e4ftecoaching online - Coaching in Hamburg und online | Termine bequem online buchen\",\"isPartOf\":{\"@id\":\"https:\/\/www.coaching-riehm.de\/#website\"},\"primaryImageOfPage\":{\"@id\":\"https:\/\/www.coaching-riehm.de\/index.php\/fuehrungskraeftecoaching-online\/#primaryimage\"},\"datePublished\":\"2023-07-25T16:43:11+00:00\",\"dateModified\":\"2023-11-11T15:54:42+00:00\",\"breadcrumb\":{\"@id\":\"https:\/\/www.coaching-riehm.de\/index.php\/fuehrungskraeftecoaching-online\/#breadcrumb\"},\"inLanguage\":\"de\",\"potentialAction\":[{\"@type\":\"ReadAction\",\"target\":[\"https:\/\/www.coaching-riehm.de\/index.php\/fuehrungskraeftecoaching-online\/\"]}]},{\"@type\":\"BreadcrumbList\",\"@id\":\"https:\/\/www.coaching-riehm.de\/index.php\/fuehrungskraeftecoaching-online\/#breadcrumb\",\"itemListElement\":[{\"@type\":\"ListItem\",\"position\":1,\"name\":\"Startseite\",\"item\":\"https:\/\/www.coaching-riehm.de\/\"},{\"@type\":\"ListItem\",\"position\":2,\"name\":\"F\u00fchrungskr\u00e4ftecoaching online\"}]}]}<\/script>\n<!-- \/ Yoast SEO plugin. -->","yoast_head_json":{"title":"F\u00fchrungskr\u00e4ftecoaching online - Coaching in Hamburg und online | Termine bequem online buchen","robots":{"index":"index","follow":"follow","max-snippet":"max-snippet:-1","max-image-preview":"max-image-preview:large","max-video-preview":"max-video-preview:-1"},"canonical":"https:\/\/www.coaching-riehm.de\/index.php\/fuehrungskraeftecoaching-online\/","og_locale":"de_DE","og_type":"article","og_title":"F\u00fchrungskr\u00e4ftecoaching online - Coaching in Hamburg und online | Termine bequem online buchen","og_description":"Was ist ein Online-F\u00fchrungskr\u00e4ftecoaching? Ein Online-F\u00fchrungskr\u00e4ftecoaching ist ein besonderes Coachingformat, das online stattfindet. In der Regel werden daf\u00fcr Videokonferenztools verwendet wie beispielsweise Zoom, Teams, FaceTime, WhatsApp Video oder das EU-Datenschutzkonforme Whereby. Videokonferenzen bieten den Vorteil, dass wir einen sehr schnellen Informationsaustausch haben, und gleichzeitig Stimmungen und sprachliche Nuancen transportieren k\u00f6nnen. Das ist auch der gro\u00dfe &hellip; \u201eF\u00fchrungskr\u00e4ftecoaching online\u201c weiterlesen","og_url":"https:\/\/www.coaching-riehm.de\/index.php\/fuehrungskraeftecoaching-online\/","og_site_name":"Coaching in Hamburg und online | Termine bequem online buchen","article_modified_time":"2023-11-11T15:54:42+00:00","og_image":[{"url":"https:\/\/www.coaching-riehm.de\/wp-content\/uploads\/Bildschirmfoto-2023-07-25-um-18.25.40-1024x576.png"}],"twitter_card":"summary_large_image","twitter_misc":{"Gesch\u00e4tzte Lesezeit":"5\u00a0Minuten"},"schema":{"@context":"https:\/\/schema.org","@graph":[{"@type":["Person","Organization"],"@id":"https:\/\/www.coaching-riehm.de\/#\/schema\/person\/8ac955657f6f283a683f6c859f94e449","name":"Philipp","image":{"@type":"ImageObject","@id":"https:\/\/www.coaching-riehm.de\/#personlogo","inLanguage":"de","url":"https:\/\/secure.gravatar.com\/avatar\/b0ef67ef4e6ea887b542e0e19c31e5ff?s=96&d=mm&r=g","contentUrl":"https:\/\/secure.gravatar.com\/avatar\/b0ef67ef4e6ea887b542e0e19c31e5ff?s=96&d=mm&r=g","caption":"Philipp"},"logo":{"@id":"https:\/\/www.coaching-riehm.de\/#personlogo"}},{"@type":"WebSite","@id":"https:\/\/www.coaching-riehm.de\/#website","url":"https:\/\/www.coaching-riehm.de\/","name":"Coaching in Hamburg","description":"Prof. Dr. Philipp Riehm","publisher":{"@id":"https:\/\/www.coaching-riehm.de\/#\/schema\/person\/8ac955657f6f283a683f6c859f94e449"},"potentialAction":[{"@type":"SearchAction","target":{"@type":"EntryPoint","urlTemplate":"https:\/\/www.coaching-riehm.de\/?s={search_term_string}"},"query-input":"required name=search_term_string"}],"inLanguage":"de"},{"@type":"ImageObject","@id":"https:\/\/www.coaching-riehm.de\/index.php\/fuehrungskraeftecoaching-online\/#primaryimage","inLanguage":"de","url":"https:\/\/www.coaching-riehm.de\/wp-content\/uploads\/Bildschirmfoto-2023-07-25-um-18.25.40.png","contentUrl":"https:\/\/www.coaching-riehm.de\/wp-content\/uploads\/Bildschirmfoto-2023-07-25-um-18.25.40.png","width":2556,"height":1438},{"@type":"WebPage","@id":"https:\/\/www.coaching-riehm.de\/index.php\/fuehrungskraeftecoaching-online\/#webpage","url":"https:\/\/www.coaching-riehm.de\/index.php\/fuehrungskraeftecoaching-online\/","name":"F\u00fchrungskr\u00e4ftecoaching online - Coaching in Hamburg und online | Termine bequem online buchen","isPartOf":{"@id":"https:\/\/www.coaching-riehm.de\/#website"},"primaryImageOfPage":{"@id":"https:\/\/www.coaching-riehm.de\/index.php\/fuehrungskraeftecoaching-online\/#primaryimage"},"datePublished":"2023-07-25T16:43:11+00:00","dateModified":"2023-11-11T15:54:42+00:00","breadcrumb":{"@id":"https:\/\/www.coaching-riehm.de\/index.php\/fuehrungskraeftecoaching-online\/#breadcrumb"},"inLanguage":"de","potentialAction":[{"@type":"ReadAction","target":["https:\/\/www.coaching-riehm.de\/index.php\/fuehrungskraeftecoaching-online\/"]}]},{"@type":"BreadcrumbList","@id":"https:\/\/www.coaching-riehm.de\/index.php\/fuehrungskraeftecoaching-online\/#breadcrumb","itemListElement":[{"@type":"ListItem","position":1,"name":"Startseite","item":"https:\/\/www.coaching-riehm.de\/"},{"@type":"ListItem","position":2,"name":"F\u00fchrungskr\u00e4ftecoaching online"}]}]}},"_links":{"self":[{"href":"https:\/\/www.coaching-riehm.de\/index.php\/wp-json\/wp\/v2\/pages\/259"}],"collection":[{"href":"https:\/\/www.coaching-riehm.de\/index.php\/wp-json\/wp\/v2\/pages"}],"about":[{"href":"https:\/\/www.coaching-riehm.de\/index.php\/wp-json\/wp\/v2\/types\/page"}],"author":[{"embeddable":true,"href":"https:\/\/www.coaching-riehm.de\/index.php\/wp-json\/wp\/v2\/users\/1"}],"replies":[{"embeddable":true,"href":"https:\/\/www.coaching-riehm.de\/index.php\/wp-json\/wp\/v2\/comments?post=259"}],"version-history":[{"count":3,"href":"https:\/\/www.coaching-riehm.de\/index.php\/wp-json\/wp\/v2\/pages\/259\/revisions"}],"predecessor-version":[{"id":284,"href":"https:\/\/www.coaching-riehm.de\/index.php\/wp-json\/wp\/v2\/pages\/259\/revisions\/284"}],"wp:attachment":[{"href":"https:\/\/www.coaching-riehm.de\/index.php\/wp-json\/wp\/v2\/media?parent=259"}],"curies":[{"name":"wp","href":"https:\/\/api.w.org\/{rel}","templated":true}]}}