{"id":154,"date":"2022-02-10T15:22:40","date_gmt":"2022-02-10T14:22:40","guid":{"rendered":"https:\/\/www.coaching-riehm.de\/?page_id=154"},"modified":"2022-02-10T15:22:40","modified_gmt":"2022-02-10T14:22:40","slug":"ich-moechte-mich-beruflich-neu-orientieren","status":"publish","type":"page","link":"https:\/\/www.coaching-riehm.de\/index.php\/ich-moechte-mich-beruflich-neu-orientieren\/","title":{"rendered":"Ich m\u00f6chte mich beruflich (neu) orientieren"},"content":{"rendered":"\n<p>Du hast gerade deine Ausbildung oder dein Studium beendet, bist von deinem aktuellen Job gelangweilt oder willst nach einer Pause wieder durchstarten? Ich kann dir helfen!<\/p>\n\n\n\n<p>Egal was dein Anlass f\u00fcr deine berufliche (Neu-) Orientierung ist: die Welt steht dir offen! Und das ist f\u00fcr die meisten Menschen genau das Problem. Wie finde ich aus den grenzenlosen M\u00f6glichkeiten <em>den<\/em> Job, der mich dauerhaft gl\u00fccklich macht?<\/p>\n\n\n\n<p>Daf\u00fcr habe ich zwei Lieblingsmethoden, die bislang noch bei allen funktioniert haben.<\/p>\n\n\n\n<ol><li>Die ressourcenorientierte Methode<\/li><\/ol>\n\n\n\n<p>Klingt erstmal langweilig, ist sie aber nicht. Die Grundfrage hier ist: was kann ich eigentlich? Dahinter steht eine banale Weisheit: du machst nur Jobs gerne, die du auch gut bew\u00e4ltigen kannst. Und du kannst sie nur gut bew\u00e4ltigen, wenn du die n\u00f6tigen F\u00e4higkeiten (=Ressourcen) hast. Dazu schauen wir ganz gezielt, was du besser kannst als andere. Das kann man \u00fcber g\u00fcnstige Onlinetools machen (z.B. das CliftonStrengths Assessment), und sie mit einem Blick in deine Biographie kombinieren. Denn viele Begabungen zeigen sich bereits in der fr\u00fchen Kindheit, ohne dass wir sie direkt als solche erkennen. Im Coaching suchen wir dann zum Beispiel nach Situationen in deiner Kindheit, als du vollkommen vertieft in eine T\u00e4tigkeit warst, oder nach Situationen, in denen du Gl\u00fcck erlebt hast \u00fcber Dinge, die du geschafft hast.<\/p>\n\n\n\n<p>Und das kombinieren wir dann noch mit<\/p>\n\n\n\n<p>2. deiner Zukunftsvision<\/p>\n\n\n\n<p>In diesem Teil des Coachings darfst und sollst du von deiner Zukunft tr\u00e4umen. Dabei kannst du die verr\u00fccktesten Ideen mit mir teilen &#8211; ich werde dich nicht verurteilen, nicht korrigieren, und au\u00dferdem habe ich eine Schweigepflicht. Wenn du eine f\u00fcr dich perfekte Zukunft ausgemalt hast, schauen wir gemeinsam, was sich von deinem heutigen Leben bis zu deiner Zukunftsvision ver\u00e4ndern muss, und du entwirfst eine Roadmap, also eine Liste mit To Dos.<\/p>\n\n\n\n<p>Kundinnen und Kunden, die sich (neu) orientieren wollten, kamen in der Vergangenheit zwei bis drei Mal zu mir, bis sie ihre Roadmap zusammengestellt hatten. <\/p>\n\n\n\n<p>Nimm deine Zukunft in Angriff und <a href=\"https:\/\/appt.link\/philipp-riehm\" target=\"_blank\" rel=\"noreferrer noopener\" aria-label=\" (\u00f6ffnet in neuem Tab)\">buche online einen Termin \u00fcber Appointlet<\/a> oder ruf&#8216; mich an:<\/p>\n\n\n\n<p><a href=\"tel:+494098262187\">040\/98262187<\/a><\/p>\n\n\n\n<p><\/p>\n","protected":false},"excerpt":{"rendered":"<p>Du hast gerade deine Ausbildung oder dein Studium beendet, bist von deinem aktuellen Job gelangweilt oder willst nach einer Pause wieder durchstarten? Ich kann dir helfen! Egal was dein Anlass f\u00fcr deine berufliche (Neu-) Orientierung ist: die Welt steht dir offen! Und das ist f\u00fcr die meisten Menschen genau das Problem. Wie finde ich aus &hellip; <\/p>\n<p class=\"link-more\"><a href=\"https:\/\/www.coaching-riehm.de\/index.php\/ich-moechte-mich-beruflich-neu-orientieren\/\" class=\"more-link\"><span class=\"screen-reader-text\">\u201eIch m\u00f6chte mich beruflich (neu) orientieren\u201c<\/span> weiterlesen<\/a><\/p>\n","protected":false},"author":1,"featured_media":0,"parent":0,"menu_order":0,"comment_status":"closed","ping_status":"closed","template":"","meta":[],"yoast_head":"<!-- This site is optimized with the Yoast SEO plugin v18.6 - https:\/\/yoast.com\/wordpress\/plugins\/seo\/ -->\n<title>Ich m\u00f6chte mich beruflich (neu) orientieren - Coaching in Hamburg und online | Termine bequem online buchen<\/title>\n<meta name=\"robots\" content=\"index, follow, max-snippet:-1, max-image-preview:large, max-video-preview:-1\" \/>\n<link rel=\"canonical\" href=\"https:\/\/www.coaching-riehm.de\/index.php\/ich-moechte-mich-beruflich-neu-orientieren\/\" \/>\n<meta property=\"og:locale\" content=\"de_DE\" \/>\n<meta property=\"og:type\" content=\"article\" \/>\n<meta property=\"og:title\" content=\"Ich m\u00f6chte mich beruflich (neu) orientieren - Coaching in Hamburg und online | Termine bequem online buchen\" \/>\n<meta property=\"og:description\" content=\"Du hast gerade deine Ausbildung oder dein Studium beendet, bist von deinem aktuellen Job gelangweilt oder willst nach einer Pause wieder durchstarten? Ich kann dir helfen! Egal was dein Anlass f\u00fcr deine berufliche (Neu-) Orientierung ist: die Welt steht dir offen! Und das ist f\u00fcr die meisten Menschen genau das Problem. Wie finde ich aus &hellip; \u201eIch m\u00f6chte mich beruflich (neu) orientieren\u201c weiterlesen\" \/>\n<meta property=\"og:url\" content=\"https:\/\/www.coaching-riehm.de\/index.php\/ich-moechte-mich-beruflich-neu-orientieren\/\" \/>\n<meta property=\"og:site_name\" content=\"Coaching in Hamburg und online | Termine bequem online buchen\" \/>\n<meta name=\"twitter:card\" content=\"summary_large_image\" \/>\n<meta name=\"twitter:label1\" content=\"Gesch\u00e4tzte Lesezeit\" \/>\n\t<meta name=\"twitter:data1\" content=\"2\u00a0Minuten\" \/>\n<script type=\"application\/ld+json\" class=\"yoast-schema-graph\">{\"@context\":\"https:\/\/schema.org\",\"@graph\":[{\"@type\":[\"Person\",\"Organization\"],\"@id\":\"https:\/\/www.coaching-riehm.de\/#\/schema\/person\/8ac955657f6f283a683f6c859f94e449\",\"name\":\"Philipp\",\"image\":{\"@type\":\"ImageObject\",\"@id\":\"https:\/\/www.coaching-riehm.de\/#personlogo\",\"inLanguage\":\"de\",\"url\":\"https:\/\/secure.gravatar.com\/avatar\/b0ef67ef4e6ea887b542e0e19c31e5ff?s=96&d=mm&r=g\",\"contentUrl\":\"https:\/\/secure.gravatar.com\/avatar\/b0ef67ef4e6ea887b542e0e19c31e5ff?s=96&d=mm&r=g\",\"caption\":\"Philipp\"},\"logo\":{\"@id\":\"https:\/\/www.coaching-riehm.de\/#personlogo\"}},{\"@type\":\"WebSite\",\"@id\":\"https:\/\/www.coaching-riehm.de\/#website\",\"url\":\"https:\/\/www.coaching-riehm.de\/\",\"name\":\"Coaching in Hamburg\",\"description\":\"Prof. Dr. Philipp Riehm\",\"publisher\":{\"@id\":\"https:\/\/www.coaching-riehm.de\/#\/schema\/person\/8ac955657f6f283a683f6c859f94e449\"},\"potentialAction\":[{\"@type\":\"SearchAction\",\"target\":{\"@type\":\"EntryPoint\",\"urlTemplate\":\"https:\/\/www.coaching-riehm.de\/?s={search_term_string}\"},\"query-input\":\"required name=search_term_string\"}],\"inLanguage\":\"de\"},{\"@type\":\"WebPage\",\"@id\":\"https:\/\/www.coaching-riehm.de\/index.php\/ich-moechte-mich-beruflich-neu-orientieren\/#webpage\",\"url\":\"https:\/\/www.coaching-riehm.de\/index.php\/ich-moechte-mich-beruflich-neu-orientieren\/\",\"name\":\"Ich m\u00f6chte mich beruflich (neu) orientieren - Coaching in Hamburg und online | Termine bequem online buchen\",\"isPartOf\":{\"@id\":\"https:\/\/www.coaching-riehm.de\/#website\"},\"datePublished\":\"2022-02-10T14:22:40+00:00\",\"dateModified\":\"2022-02-10T14:22:40+00:00\",\"breadcrumb\":{\"@id\":\"https:\/\/www.coaching-riehm.de\/index.php\/ich-moechte-mich-beruflich-neu-orientieren\/#breadcrumb\"},\"inLanguage\":\"de\",\"potentialAction\":[{\"@type\":\"ReadAction\",\"target\":[\"https:\/\/www.coaching-riehm.de\/index.php\/ich-moechte-mich-beruflich-neu-orientieren\/\"]}]},{\"@type\":\"BreadcrumbList\",\"@id\":\"https:\/\/www.coaching-riehm.de\/index.php\/ich-moechte-mich-beruflich-neu-orientieren\/#breadcrumb\",\"itemListElement\":[{\"@type\":\"ListItem\",\"position\":1,\"name\":\"Startseite\",\"item\":\"https:\/\/www.coaching-riehm.de\/\"},{\"@type\":\"ListItem\",\"position\":2,\"name\":\"Ich m\u00f6chte mich beruflich (neu) orientieren\"}]}]}<\/script>\n<!-- \/ Yoast SEO plugin. -->","yoast_head_json":{"title":"Ich m\u00f6chte mich beruflich (neu) orientieren - Coaching in Hamburg und online | Termine bequem online buchen","robots":{"index":"index","follow":"follow","max-snippet":"max-snippet:-1","max-image-preview":"max-image-preview:large","max-video-preview":"max-video-preview:-1"},"canonical":"https:\/\/www.coaching-riehm.de\/index.php\/ich-moechte-mich-beruflich-neu-orientieren\/","og_locale":"de_DE","og_type":"article","og_title":"Ich m\u00f6chte mich beruflich (neu) orientieren - Coaching in Hamburg und online | Termine bequem online buchen","og_description":"Du hast gerade deine Ausbildung oder dein Studium beendet, bist von deinem aktuellen Job gelangweilt oder willst nach einer Pause wieder durchstarten? Ich kann dir helfen! Egal was dein Anlass f\u00fcr deine berufliche (Neu-) Orientierung ist: die Welt steht dir offen! Und das ist f\u00fcr die meisten Menschen genau das Problem. Wie finde ich aus &hellip; \u201eIch m\u00f6chte mich beruflich (neu) orientieren\u201c weiterlesen","og_url":"https:\/\/www.coaching-riehm.de\/index.php\/ich-moechte-mich-beruflich-neu-orientieren\/","og_site_name":"Coaching in Hamburg und online | Termine bequem online buchen","twitter_card":"summary_large_image","twitter_misc":{"Gesch\u00e4tzte Lesezeit":"2\u00a0Minuten"},"schema":{"@context":"https:\/\/schema.org","@graph":[{"@type":["Person","Organization"],"@id":"https:\/\/www.coaching-riehm.de\/#\/schema\/person\/8ac955657f6f283a683f6c859f94e449","name":"Philipp","image":{"@type":"ImageObject","@id":"https:\/\/www.coaching-riehm.de\/#personlogo","inLanguage":"de","url":"https:\/\/secure.gravatar.com\/avatar\/b0ef67ef4e6ea887b542e0e19c31e5ff?s=96&d=mm&r=g","contentUrl":"https:\/\/secure.gravatar.com\/avatar\/b0ef67ef4e6ea887b542e0e19c31e5ff?s=96&d=mm&r=g","caption":"Philipp"},"logo":{"@id":"https:\/\/www.coaching-riehm.de\/#personlogo"}},{"@type":"WebSite","@id":"https:\/\/www.coaching-riehm.de\/#website","url":"https:\/\/www.coaching-riehm.de\/","name":"Coaching in Hamburg","description":"Prof. Dr. Philipp Riehm","publisher":{"@id":"https:\/\/www.coaching-riehm.de\/#\/schema\/person\/8ac955657f6f283a683f6c859f94e449"},"potentialAction":[{"@type":"SearchAction","target":{"@type":"EntryPoint","urlTemplate":"https:\/\/www.coaching-riehm.de\/?s={search_term_string}"},"query-input":"required name=search_term_string"}],"inLanguage":"de"},{"@type":"WebPage","@id":"https:\/\/www.coaching-riehm.de\/index.php\/ich-moechte-mich-beruflich-neu-orientieren\/#webpage","url":"https:\/\/www.coaching-riehm.de\/index.php\/ich-moechte-mich-beruflich-neu-orientieren\/","name":"Ich m\u00f6chte mich beruflich (neu) orientieren - Coaching in Hamburg und online | Termine bequem online buchen","isPartOf":{"@id":"https:\/\/www.coaching-riehm.de\/#website"},"datePublished":"2022-02-10T14:22:40+00:00","dateModified":"2022-02-10T14:22:40+00:00","breadcrumb":{"@id":"https:\/\/www.coaching-riehm.de\/index.php\/ich-moechte-mich-beruflich-neu-orientieren\/#breadcrumb"},"inLanguage":"de","potentialAction":[{"@type":"ReadAction","target":["https:\/\/www.coaching-riehm.de\/index.php\/ich-moechte-mich-beruflich-neu-orientieren\/"]}]},{"@type":"BreadcrumbList","@id":"https:\/\/www.coaching-riehm.de\/index.php\/ich-moechte-mich-beruflich-neu-orientieren\/#breadcrumb","itemListElement":[{"@type":"ListItem","position":1,"name":"Startseite","item":"https:\/\/www.coaching-riehm.de\/"},{"@type":"ListItem","position":2,"name":"Ich m\u00f6chte mich beruflich (neu) orientieren"}]}]}},"_links":{"self":[{"href":"https:\/\/www.coaching-riehm.de\/index.php\/wp-json\/wp\/v2\/pages\/154"}],"collection":[{"href":"https:\/\/www.coaching-riehm.de\/index.php\/wp-json\/wp\/v2\/pages"}],"about":[{"href":"https:\/\/www.coaching-riehm.de\/index.php\/wp-json\/wp\/v2\/types\/page"}],"author":[{"embeddable":true,"href":"https:\/\/www.coaching-riehm.de\/index.php\/wp-json\/wp\/v2\/users\/1"}],"replies":[{"embeddable":true,"href":"https:\/\/www.coaching-riehm.de\/index.php\/wp-json\/wp\/v2\/comments?post=154"}],"version-history":[{"count":3,"href":"https:\/\/www.coaching-riehm.de\/index.php\/wp-json\/wp\/v2\/pages\/154\/revisions"}],"predecessor-version":[{"id":161,"href":"https:\/\/www.coaching-riehm.de\/index.php\/wp-json\/wp\/v2\/pages\/154\/revisions\/161"}],"wp:attachment":[{"href":"https:\/\/www.coaching-riehm.de\/index.php\/wp-json\/wp\/v2\/media?parent=154"}],"curies":[{"name":"wp","href":"https:\/\/api.w.org\/{rel}","templated":true}]}}